{"id":873,"date":"2020-10-06T11:32:56","date_gmt":"2020-10-06T09:32:56","guid":{"rendered":"https:\/\/laromanetiere.com\/?page_id=873"},"modified":"2024-02-03T20:33:44","modified_gmt":"2024-02-03T18:33:44","slug":"galerie-charteuse-vercors-grenoble-isere-ski-esuitation-piscine-spa","status":"publish","type":"page","link":"https:\/\/laromanetiere.com\/en\/galerie-charteuse-vercors-grenoble-isere-ski-esuitation-piscine-spa","title":{"rendered":"Gallery"},"content":{"rendered":"<p>[et_pb_section fb_built=\u00a0\u00bb1&Prime; _builder_version=\u00a0\u00bb4.16&Prime; _module_preset=\u00a0\u00bbdefault\u00a0\u00bb global_colors_info=\u00a0\u00bb{}\u00a0\u00bb][et_pb_row _builder_version=\u00a0\u00bb4.16&Prime; _module_preset=\u00a0\u00bbdefault\u00a0\u00bb global_colors_info=\u00a0\u00bb{}\u00a0\u00bb][et_pb_column type=\u00a0\u00bb4_4&Prime; _builder_version=\u00a0\u00bb4.16&Prime; _module_preset=\u00a0\u00bbdefault\u00a0\u00bb global_colors_info=\u00a0\u00bb{}\u00a0\u00bb][et_pb_accordion _builder_version=\u00a0\u00bb4.18.0&Prime; _module_preset=\u00a0\u00bbdefault\u00a0\u00bb link_option_url=\u00a0\u00bbhttps:\/\/laromanetiere.com\/exterieur-lieu-mariage-reception-anniversaire-detente-couple-famille-ballade-randonnees\u00a0\u00bb link_option_url_new_window=\u00a0\u00bbon\u00a0\u00bb global_colors_info=\u00a0\u00bb{}\u00a0\u00bb][et_pb_accordion_item title=\u00a0\u00bbExt\u00e9rieur\u00a0\u00bb open=\u00a0\u00bbon\u00a0\u00bb _builder_version=\u00a0\u00bb4.18.0&Prime; _module_preset=\u00a0\u00bbdefault\u00a0\u00bb use_background_color_gradient=\u00a0\u00bbon\u00a0\u00bb background_color_gradient_direction=\u00a0\u00bb79deg\u00a0\u00bb background_color_gradient_stops=\u00a0\u00bb#ffffff 0%|rgba(0,0,0,0) 100%\u00a0\u00bb background_color_gradient_start=\u00a0\u00bb#ffffff\u00a0\u00bb background_color_gradient_end=\u00a0\u00bbrgba(0,0,0,0)\u00a0\u00bb background_image=\u00a0\u00bbhttps:\/\/laromanetiere.com\/wp-content\/uploads\/2020\/10\/romanetiere_ext17-scaled.jpg\u00a0\u00bb background_enable_image=\u00a0\u00bbon\u00a0\u00bb background_blend=\u00a0\u00bbsoft-light\u00a0\u00bb global_colors_info=\u00a0\u00bb{}\u00a0\u00bb toggle_font_size=\u00a0\u00bb24px\u00a0\u00bb toggle_line_height=\u00a0\u00bb1.5em\u00a0\u00bb]<\/p>\n<p><span style=\"color: #333333;\"><strong>Clickpour voir les images de tout l&rsquo;<\/strong><\/span><\/p>\n<p><span style=\"color: #333333;\"><strong>EXTERIEUR de la Romaneti\u00e8re<\/strong><\/span><\/p>\n<p>[\/et_pb_accordion_item][\/et_pb_accordion][et_pb_accordion _builder_version=\u00a0\u00bb4.18.0&Prime; _module_preset=\u00a0\u00bbdefault\u00a0\u00bb link_option_url=\u00a0\u00bbhttps:\/\/laromanetiere.com\/interieur-climatisation-table-d-hotes-petit-dejeuner-evenement-prive\u00a0\u00bb global_colors_info=\u00a0\u00bb{}\u00a0\u00bb][et_pb_accordion_item title=\u00a0\u00bbInt\u00e9rieur\u00a0\u00bb open=\u00a0\u00bbon\u00a0\u00bb _builder_version=\u00a0\u00bb4.18.0&Prime; _module_preset=\u00a0\u00bbdefault\u00a0\u00bb use_background_color_gradient=\u00a0\u00bbon\u00a0\u00bb background_color_gradient_direction=\u00a0\u00bb79deg\u00a0\u00bb background_color_gradient_stops=\u00a0\u00bb#ffffff 0%|rgba(0,0,0,0) 100%\u00a0\u00bb background_color_gradient_start=\u00a0\u00bb#ffffff\u00a0\u00bb background_color_gradient_end=\u00a0\u00bbrgba(0,0,0,0)\u00a0\u00bb background_image=\u00a0\u00bbhttps:\/\/laromanetiere.com\/wp-content\/uploads\/2024\/02\/Salle-a-manger-Romanetiere-maison-de-charme-avec-piscine-rhone-alpes.jpg\u00a0\u00bb background_enable_image=\u00a0\u00bbon\u00a0\u00bb background_blend=\u00a0\u00bbsoft-light\u00a0\u00bb global_colors_info=\u00a0\u00bb{}\u00a0\u00bb toggle_font_size=\u00a0\u00bb24px\u00a0\u00bb toggle_line_height=\u00a0\u00bb1.5em\u00a0\u00bb]<\/p>\n<p><span style=\"color: #333333;\"><strong>Click pour voir les images de notre\u00a0<\/strong><\/span><\/p>\n<p><span style=\"color: #333333;\"><strong>INTERIEUR de la Romaneti\u00e8re<\/strong><\/span><\/p>\n<p>[\/et_pb_accordion_item][\/et_pb_accordion][et_pb_accordion _builder_version=\u00a0\u00bb4.18.0&Prime; _module_preset=\u00a0\u00bbdefault\u00a0\u00bb link_option_url=\u00a0\u00bb https:\/\/laromanetiere.com\/suiteking-week-end-amoureux-vacances-de-luxe-france-campagne-nature-repos\u00a0\u00bb global_colors_info=\u00a0\u00bb{}\u00a0\u00bb][et_pb_accordion_item title=\u00a0\u00bbSuite King\u00a0\u00bb open=\u00a0\u00bbon\u00a0\u00bb _builder_version=\u00a0\u00bb4.18.0&Prime; _module_preset=\u00a0\u00bbdefault\u00a0\u00bb use_background_color_gradient=\u00a0\u00bbon\u00a0\u00bb background_color_gradient_direction=\u00a0\u00bb79deg\u00a0\u00bb background_color_gradient_stops=\u00a0\u00bb#ffffff 0%|rgba(0,0,0,0) 100%\u00a0\u00bb background_color_gradient_start=\u00a0\u00bb#ffffff\u00a0\u00bb background_color_gradient_end=\u00a0\u00bbrgba(0,0,0,0)\u00a0\u00bb background_image=\u00a0\u00bbhttps:\/\/laromanetiere.com\/wp-content\/uploads\/2024\/01\/Suite-King-La-Romanetiere-Vacances-luxe-SPA-Balneo-Isere-_20-scaled.jpg\u00a0\u00bb background_enable_image=\u00a0\u00bbon\u00a0\u00bb background_blend=\u00a0\u00bbsoft-light\u00a0\u00bb link_option_url=\u00a0\u00bb https:\/\/laromanetiere.com\/suiteking-week-end-amoureux-vacances-de-luxe-france-campagne-nature-repos\u00a0\u00bb global_colors_info=\u00a0\u00bb{}\u00a0\u00bb toggle_font_size=\u00a0\u00bb24px\u00a0\u00bb toggle_line_height=\u00a0\u00bb1.5em\u00a0\u00bb]<\/p>\n<p><span style=\"color: #333333;\"><strong>Click pour voir les images de la<\/strong><\/span><\/p>\n<p><span style=\"color: #333333;\"><strong>SUITE KING de La Romaneti\u00e8re<\/strong><\/span><\/p>\n<p>[\/et_pb_accordion_item][\/et_pb_accordion][et_pb_accordion _builder_version=\u00a0\u00bb4.18.0&Prime; _module_preset=\u00a0\u00bbdefault\u00a0\u00bb link_option_url=\u00a0\u00bbhttps:\/\/laromanetiere.com\/chambrequeen-vacances-nature-week-end-amoureux\u00a0\u00bb global_colors_info=\u00a0\u00bb{}\u00a0\u00bb][et_pb_accordion_item title=\u00a0\u00bbChambre Queen\u00a0\u00bb open=\u00a0\u00bbon\u00a0\u00bb _builder_version=\u00a0\u00bb4.18.0&Prime; _module_preset=\u00a0\u00bbdefault\u00a0\u00bb use_background_color_gradient=\u00a0\u00bbon\u00a0\u00bb background_color_gradient_direction=\u00a0\u00bb79deg\u00a0\u00bb background_color_gradient_stops=\u00a0\u00bb#ffffff 0%|rgba(0,0,0,0) 100%\u00a0\u00bb background_color_gradient_start=\u00a0\u00bb#ffffff\u00a0\u00bb background_color_gradient_end=\u00a0\u00bbrgba(0,0,0,0)\u00a0\u00bb background_image=\u00a0\u00bbhttps:\/\/laromanetiere.com\/wp-content\/uploads\/2024\/02\/Chambre-Queen-maison-d-hote-de-charme-1.jpg\u00a0\u00bb background_enable_image=\u00a0\u00bbon\u00a0\u00bb background_position=\u00a0\u00bbcenter_left\u00a0\u00bb background_blend=\u00a0\u00bbsoft-light\u00a0\u00bb link_option_url=\u00a0\u00bbhttps:\/\/laromanetiere.com\/chambrequeen-vacances-nature-week-end-amoureux\u00a0\u00bb global_colors_info=\u00a0\u00bb{}\u00a0\u00bb toggle_font_size=\u00a0\u00bb24px\u00a0\u00bb toggle_line_height=\u00a0\u00bb1.5em\u00a0\u00bb]<\/p>\n<p><a href=\"https:\/\/laromanetiere.com\/en\/chambrequeen-vacances-nature-week-end-amoureux\/\"><strong><span style=\"color: #333333;\">Click pour voir les images de la chambre <\/span><\/strong><\/a><\/p>\n<p><a href=\"https:\/\/laromanetiere.com\/en\/chambrequeen-vacances-nature-week-end-amoureux\/\"><strong><span style=\"color: #333333;\">QUEEN de La Romaneti\u00e8re<\/span><\/strong><\/a><\/p>\n<p>[\/et_pb_accordion_item][\/et_pb_accordion][et_pb_accordion _builder_version=\u00a0\u00bb4.18.0&Prime; _module_preset=\u00a0\u00bbdefault\u00a0\u00bb link_option_url=\u00a0\u00bbhttps:\/\/laromanetiere.com\/reservez-votre-chambre-dans-le-vercors-chambre-duo\u00a0\u00bb global_colors_info=\u00a0\u00bb{}\u00a0\u00bb][et_pb_accordion_item title=\u00a0\u00bbChambre Duo\u00a0\u00bb open=\u00a0\u00bbon\u00a0\u00bb _builder_version=\u00a0\u00bb4.18.0&Prime; _module_preset=\u00a0\u00bbdefault\u00a0\u00bb use_background_color_gradient=\u00a0\u00bbon\u00a0\u00bb background_color_gradient_direction=\u00a0\u00bb79deg\u00a0\u00bb background_color_gradient_stops=\u00a0\u00bb#ffffff 0%|rgba(0,0,0,0) 100%\u00a0\u00bb background_color_gradient_start=\u00a0\u00bb#ffffff\u00a0\u00bb background_color_gradient_end=\u00a0\u00bbrgba(0,0,0,0)\u00a0\u00bb background_image=\u00a0\u00bbhttps:\/\/laromanetiere.com\/wp-content\/uploads\/2024\/01\/Chambre-dhotes-La-Romanetiere-Vercors_23-scaled.jpg\u00a0\u00bb background_enable_image=\u00a0\u00bbon\u00a0\u00bb background_blend=\u00a0\u00bbsoft-light\u00a0\u00bb global_colors_info=\u00a0\u00bb{}\u00a0\u00bb toggle_font_size=\u00a0\u00bb24px\u00a0\u00bb toggle_line_height=\u00a0\u00bb1.5em\u00a0\u00bb]<\/p>\n<p><a href=\"https:\/\/laromanetiere.com\/en\/reservez-votre-chambre-dans-le-vercors-chambre-duo\/\"><span style=\"color: #333333;\"><strong>Click pour voir les images de la chambre\u00a0<\/strong><\/span><\/a><\/p>\n<p><a href=\"https:\/\/laromanetiere.com\/en\/reservez-votre-chambre-dans-le-vercors-chambre-duo\/\"><span style=\"color: #333333;\"><strong>DUO\u00a0 <\/strong><\/span><span style=\"color: #333333;\"><strong>de La Romaneti\u00e8re<\/strong><\/span><\/a><\/p>\n<p>[\/et_pb_accordion_item][\/et_pb_accordion][et_pb_accordion _builder_version=\u00a0\u00bb4.18.0&Prime; _module_preset=\u00a0\u00bbdefault\u00a0\u00bb link_option_url=\u00a0\u00bbhttps:\/\/laromanetiere.com\/tabledhotes\u00a0\u00bb hover_enabled=\u00a0\u00bb0&Prime; global_colors_info=\u00a0\u00bb{}\u00a0\u00bb sticky_enabled=\u00a0\u00bb0&Prime;][et_pb_accordion_item title=\u00a0\u00bbTable d&rsquo;h\u00f4tes\u00a0\u00bb open=\u00a0\u00bbon\u00a0\u00bb _builder_version=\u00a0\u00bb4.18.0&Prime; _module_preset=\u00a0\u00bbdefault\u00a0\u00bb use_background_color_gradient=\u00a0\u00bbon\u00a0\u00bb background_color_gradient_direction=\u00a0\u00bb79deg\u00a0\u00bb background_color_gradient_stops=\u00a0\u00bb#ffffff 0%|rgba(0,0,0,0) 100%\u00a0\u00bb background_color_gradient_start=\u00a0\u00bb#ffffff\u00a0\u00bb background_color_gradient_end=\u00a0\u00bbrgba(0,0,0,0)\u00a0\u00bb background_image=\u00a0\u00bbhttps:\/\/laromanetiere.com\/wp-content\/uploads\/2021\/03\/table04.jpg\u00a0\u00bb background_enable_image=\u00a0\u00bbon\u00a0\u00bb background_position=\u00a0\u00bbcenter_left\u00a0\u00bb background_blend=\u00a0\u00bbsoft-light\u00a0\u00bb link_option_url=\u00a0\u00bbhttps:\/\/laromanetiere.com\/tabledhotes-mariage-seminaire-lieu-de-reception\u00a0\u00bb hover_enabled=\u00a0\u00bb0&Prime; global_colors_info=\u00a0\u00bb{}\u00a0\u00bb toggle_font_size=\u00a0\u00bb24px\u00a0\u00bb toggle_line_height=\u00a0\u00bb1.5em\u00a0\u00bb sticky_enabled=\u00a0\u00bb0&Prime;]<\/p>\n<p><span style=\"color: #333333;\"><strong>Click pour voir les images de la table <\/strong><\/span><\/p>\n<p><span style=\"color: #333333;\"><strong>d&rsquo;h\u00f4te de La Romaneti\u00e8re<\/strong><\/span><\/p>\n<p>[\/et_pb_accordion_item][\/et_pb_accordion][et_pb_accordion _builder_version=\u00a0\u00bb4.18.0&Prime; _module_preset=\u00a0\u00bbdefault\u00a0\u00bb background_enable_image=\u00a0\u00bboff\u00a0\u00bb link_option_url=\u00a0\u00bbhttps:\/\/laromanetiere.com\/les-animaux-de-la-romanetiere\u00a0\u00bb hover_enabled=\u00a0\u00bb0&Prime; global_colors_info=\u00a0\u00bb{}\u00a0\u00bb sticky_enabled=\u00a0\u00bb0&Prime;][et_pb_accordion_item title=\u00a0\u00bbLes Animaux \u00a0\u00bb open=\u00a0\u00bbon\u00a0\u00bb content_tablet=\u00a0\u00bb<\/p>\n<p><span style=\"%22color:\" #333333;%22><strong><a href=\"\/en\/%22https:\/\/laromanetiere.com\/les-animaux-de-la-romanetiere%22\/\" style=\"%22color:\" #333333;%22>Click pour voir les images des animaux <\/a><\/strong><\/span><\/p>\n<p><span style=\"%22color:\" #333333;%22><strong><a href=\"\/en\/%22https:\/\/laromanetiere.com\/les-animaux-de-la-romanetiere%22\/\" style=\"%22color:\" #333333;%22>de La Maison d&rsquo;h\u00f4tes de La Romaneti\u00e8re<\/a><\/strong><\/span><\/p>\n<p>\u00a0\u00bb content_phone=\u00a0\u00bb<\/p>\n<p><span style=\"%22color:\" #333333;%22><strong><a href=\"\/en\/%22https:\/\/laromanetiere.com\/les-animaux-de-la-romanetiere%22\/\" style=\"%22color:\" #333333;%22>Click pour voir les images des <\/a><\/strong><\/span><\/p>\n<p><span style=\"%22color:\" #333333;%22><strong><a href=\"\/en\/%22https:\/\/laromanetiere.com\/les-animaux-de-la-romanetiere%22\/\" style=\"%22color:\" #333333;%22>animaux <\/a><\/strong><\/span><span style=\"%22color:\" #333333;%22><strong><a href=\"\/en\/%22https:\/\/laromanetiere.com\/les-animaux-de-la-romanetiere%22\/\" style=\"%22color:\" #333333;%22> de La Romaneti\u00e8re<\/a><\/strong><\/span><\/p>\n<p>\u00a0\u00bb content_last_edited=\u00a0\u00bbon|phone\u00a0\u00bb _builder_version=\u00a0\u00bb4.18.0&Prime; _module_preset=\u00a0\u00bbdefault\u00a0\u00bb use_background_color_gradient=\u00a0\u00bbon\u00a0\u00bb background_color_gradient_direction=\u00a0\u00bb79deg\u00a0\u00bb background_color_gradient_stops=\u00a0\u00bb#ffffff 0%|rgba(0,0,0,0) 100%\u00a0\u00bb background_color_gradient_start=\u00a0\u00bb#ffffff\u00a0\u00bb background_color_gradient_end=\u00a0\u00bbrgba(0,0,0,0)\u00a0\u00bb background_image=\u00a0\u00bbhttps:\/\/laromanetiere.com\/wp-content\/uploads\/2024\/01\/Coq-Maison-d-hote-vercors-La-Romanetiere.jpg\u00a0\u00bb background_enable_image=\u00a0\u00bbon\u00a0\u00bb background_blend=\u00a0\u00bbsoft-light\u00a0\u00bb link_option_url=\u00a0\u00bbhttps:\/\/laromanetiere.com\/animaux-maison-d-hote-romanetiere-vercors-isere\u00a0\u00bb hover_enabled=\u00a0\u00bb0&Prime; global_colors_info=\u00a0\u00bb{}\u00a0\u00bb toggle_font_size=\u00a0\u00bb24px\u00a0\u00bb toggle_line_height=\u00a0\u00bb1.5em\u00a0\u00bb sticky_enabled=\u00a0\u00bb0&Prime;]<\/p>\n<p><span style=\"color: #333333;\"><strong>Click pour voir les images des animaux <\/strong><\/span><\/p>\n<p><span style=\"color: #333333;\"><strong>de La Maison d&rsquo;h\u00f4tes de La Romaneti\u00e8re<\/strong><\/span><\/p>\n<p>[\/et_pb_accordion_item][\/et_pb_accordion][et_pb_accordion _builder_version=\u00a0\u00bb4.18.0&Prime; _module_preset=\u00a0\u00bbdefault\u00a0\u00bb background_enable_image=\u00a0\u00bboff\u00a0\u00bb link_option_url=\u00a0\u00bbhttps:\/\/laromanetiere.com\/solstis-arabians-elevage-de-chevaux-de-course-et-de-sport\u00a0\u00bb hover_enabled=\u00a0\u00bb0&Prime; global_colors_info=\u00a0\u00bb{}\u00a0\u00bb sticky_enabled=\u00a0\u00bb0&Prime;][et_pb_accordion_item title=\u00a0\u00bbElevage de Chevaux \u00a0\u00bb open=\u00a0\u00bbon\u00a0\u00bb content_tablet=\u00a0\u00bb<\/p>\n<p><strong><span style=\"%22color:\" #333333;%22>Click pour voir les images de l&rsquo;\u00e9levage<\/span><\/strong><\/p>\n<p><strong><span style=\"%22color:\" #333333;%22>de chevaux de  La Romaneti\u00e8re<\/span><\/strong><\/p>\n<p>\u00a0\u00bb content_phone=\u00a0\u00bb<\/p>\n<p><strong><span style=\"%22color:\" #333333;%22>Click pour voir les images des<\/span><\/strong><\/p>\n<p><strong><span style=\"%22color:\" #333333;%22>chevaux de  La Romaneti\u00e8re<\/span><\/strong><\/p>\n<p>\u00a0\u00bb content_last_edited=\u00a0\u00bbon|phone\u00a0\u00bb _builder_version=\u00a0\u00bb4.18.0&Prime; _module_preset=\u00a0\u00bbdefault\u00a0\u00bb use_background_color_gradient=\u00a0\u00bbon\u00a0\u00bb background_color_gradient_direction=\u00a0\u00bb79deg\u00a0\u00bb background_color_gradient_stops=\u00a0\u00bb#ffffff 0%|rgba(0,0,0,0) 100%\u00a0\u00bb background_color_gradient_start=\u00a0\u00bb#ffffff\u00a0\u00bb background_color_gradient_end=\u00a0\u00bbrgba(0,0,0,0)\u00a0\u00bb background_image=\u00a0\u00bbhttps:\/\/laromanetiere.com\/wp-content\/uploads\/2024\/02\/chambre-dhote-de-charme-rhone-alpes-isere-vercors_38-scaled.jpg\u00a0\u00bb background_enable_image=\u00a0\u00bbon\u00a0\u00bb background_blend=\u00a0\u00bbsoft-light\u00a0\u00bb link_option_url=\u00a0\u00bbhttps:\/\/laromanetiere.com\/solstis-arabians-elevage-de-chevaux-de-course-et-de-sport\u00a0\u00bb global_colors_info=\u00a0\u00bb{}\u00a0\u00bb toggle_font_size=\u00a0\u00bb24px\u00a0\u00bb toggle_line_height=\u00a0\u00bb1.5em\u00a0\u00bb]<\/p>\n<p><strong><span style=\"color: #333333;\">Click pour voir les images de l&rsquo;\u00e9levage<\/span><\/strong><\/p>\n<p><strong><span style=\"color: #333333;\">de chevaux de\u00a0 La Romaneti\u00e8re<\/span><\/strong><\/p>\n<p>[\/et_pb_accordion_item][\/et_pb_accordion][\/et_pb_column][\/et_pb_row][\/et_pb_section]<\/p>","protected":false},"excerpt":{"rendered":"<p>Clickpour voir les images de tout l&rsquo; EXTERIEUR de la Romaneti\u00e8reClick pour voir les images de notre\u00a0 INTERIEUR de la Romaneti\u00e8reClick pour voir les images de la SUITE KING de La Romaneti\u00e8reClick pour voir les images de la chambre QUEEN de La Romaneti\u00e8reClick pour voir les images de la chambre\u00a0 DUO\u00a0 de La Romaneti\u00e8reClick pour [&hellip;]<\/p>","protected":false},"author":1,"featured_media":0,"parent":0,"menu_order":0,"comment_status":"closed","ping_status":"closed","template":"","meta":{"_et_pb_use_builder":"on","_et_pb_old_content":"","_et_gb_content_width":"","footnotes":""},"class_list":["post-873","page","type-page","status-publish","hentry"],"aioseo_notices":[],"_links":{"self":[{"href":"https:\/\/laromanetiere.com\/en\/wp-json\/wp\/v2\/pages\/873","targetHints":{"allow":["GET"]}}],"collection":[{"href":"https:\/\/laromanetiere.com\/en\/wp-json\/wp\/v2\/pages"}],"about":[{"href":"https:\/\/laromanetiere.com\/en\/wp-json\/wp\/v2\/types\/page"}],"author":[{"embeddable":true,"href":"https:\/\/laromanetiere.com\/en\/wp-json\/wp\/v2\/users\/1"}],"replies":[{"embeddable":true,"href":"https:\/\/laromanetiere.com\/en\/wp-json\/wp\/v2\/comments?post=873"}],"version-history":[{"count":52,"href":"https:\/\/laromanetiere.com\/en\/wp-json\/wp\/v2\/pages\/873\/revisions"}],"predecessor-version":[{"id":2637,"href":"https:\/\/laromanetiere.com\/en\/wp-json\/wp\/v2\/pages\/873\/revisions\/2637"}],"wp:attachment":[{"href":"https:\/\/laromanetiere.com\/en\/wp-json\/wp\/v2\/media?parent=873"}],"curies":[{"name":"wp","href":"https:\/\/api.w.org\/{rel}","templated":true}]}}