{"id":2303,"date":"2024-01-29T09:07:33","date_gmt":"2024-01-29T07:07:33","guid":{"rendered":"https:\/\/laromanetiere.com\/?page_id=2303"},"modified":"2024-02-03T08:16:31","modified_gmt":"2024-02-03T06:16:31","slug":"les-animaux-de-la-romanetiere","status":"publish","type":"page","link":"https:\/\/laromanetiere.com\/en\/les-animaux-de-la-romanetiere","title":{"rendered":"Les Animaux de la Romaneti\u00e8re"},"content":{"rendered":"[et_pb_section fb_built=\u00a0\u00bb1&Prime; admin_label=\u00a0\u00bbDriving Directions\u00a0\u00bb _builder_version=\u00a0\u00bb4.16&Prime; custom_margin=\u00a0\u00bb||-144px|||\u00a0\u00bb custom_padding=\u00a0\u00bb||27px|||\u00a0\u00bb global_colors_info=\u00a0\u00bb{}\u00a0\u00bb][et_pb_row _builder_version=\u00a0\u00bb4.16&Prime; global_colors_info=\u00a0\u00bb{}\u00a0\u00bb][et_pb_column type=\u00a0\u00bb4_4&Prime; _builder_version=\u00a0\u00bb4.16&Prime; custom_padding=\u00a0\u00bb|||\u00a0\u00bb global_colors_info=\u00a0\u00bb{}\u00a0\u00bb custom_padding__hover=\u00a0\u00bb|||\u00a0\u00bb][et_pb_text _builder_version=\u00a0\u00bb4.18.0&Prime; text_font=\u00a0\u00bb||||||||\u00a0\u00bb text_font_size=\u00a0\u00bb16px\u00a0\u00bb text_line_height=\u00a0\u00bb2em\u00a0\u00bb header_font=\u00a0\u00bb||||||||\u00a0\u00bb header_2_font=\u00a0\u00bbRaleway|700|||||||\u00a0\u00bb header_2_font_size=\u00a0\u00bb50px\u00a0\u00bb header_2_line_height=\u00a0\u00bb1.4em\u00a0\u00bb header_6_font=\u00a0\u00bbRaleway|700||on|||||\u00a0\u00bb header_6_font_size=\u00a0\u00bb16px\u00a0\u00bb header_6_letter_spacing=\u00a0\u00bb5px\u00a0\u00bb header_6_line_height=\u00a0\u00bb1.8em\u00a0\u00bb max_width=\u00a0\u00bb1321px\u00a0\u00bb module_alignment=\u00a0\u00bbcenter\u00a0\u00bb custom_margin=\u00a0\u00bb|||354px||\u00a0\u00bb header_2_font_size_tablet=\u00a0\u00bb35px\u00a0\u00bb header_2_font_size_phone=\u00a0\u00bb25px\u00a0\u00bb header_2_font_size_last_edited=\u00a0\u00bbon|phone\u00a0\u00bb global_colors_info=\u00a0\u00bb{}\u00a0\u00bb]<h6><span style=\"color: #00a9c4;\">Les autres h\u00f4tes de la maison !<br \/><\/span><\/h6>[\/et_pb_text][\/et_pb_column][\/et_pb_row][\/et_pb_section][et_pb_section fb_built=\u00a0\u00bb1&Prime; _builder_version=\u00a0\u00bb4.18.0&Prime; _module_preset=\u00a0\u00bbdefault\u00a0\u00bb hover_enabled=\u00a0\u00bb0&Prime; global_colors_info=\u00a0\u00bb{}\u00a0\u00bb link_option_url=\u00a0\u00bb@ET-DC@eyJkeW5hbWljIjp0cnVlLCJjb250ZW50IjoicG9zdF9saW5rX3VybF9ybF9nYWxsZXJ5Iiwic2V0dGluZ3MiOnsicG9zdF9pZCI6IiJ9fQ==@\u00a0\u00bb _dynamic_attributes=\u00a0\u00bblink_option_url\u00a0\u00bb sticky_enabled=\u00a0\u00bb0&Prime;][et_pb_row _builder_version=\u00a0\u00bb4.18.0&Prime; _module_preset=\u00a0\u00bbdefault\u00a0\u00bb global_colors_info=\u00a0\u00bb{}\u00a0\u00bb][et_pb_column type=\u00a0\u00bb4_4&Prime; _builder_version=\u00a0\u00bb4.18.0&Prime; _module_preset=\u00a0\u00bbdefault\u00a0\u00bb global_colors_info=\u00a0\u00bb{}\u00a0\u00bb][et_pb_team_member image_url=\u00a0\u00bbhttps:\/\/laromanetiere.com\/wp-content\/uploads\/2024\/01\/Coq-Maison-d-hote-vercors-La-Romanetiere-1.jpg\u00a0\u00bb facebook_url=\u00a0\u00bbhttps:\/\/www.facebook.com\/laromanetiere\u00a0\u00bb _builder_version=\u00a0\u00bb4.18.0&Prime; _module_preset=\u00a0\u00bbdefault\u00a0\u00bb global_colors_info=\u00a0\u00bb{}\u00a0\u00bb]<p>A La Romaneti\u00e8re vous pouvez aussi avoir le privil\u00e8ge de voir nos amis \u00e0 4 ou 2 pattes &#8230;.Le coq Casanova n\u00e9 \u00e0 la maison et ses poules pour les oeufs frais du petit d\u00e9jeuner, chats Guss au \u00e9curie pour chasser les souris et Loostic squateur de canap\u00e9 , les chiens Easy et Peggy , sans oublier les tortues on vous laissera les chercher\u00a0 !<\/p>[\/et_pb_team_member][\/et_pb_column][\/et_pb_row][\/et_pb_section][et_pb_section fb_built=\u00a0\u00bb1&Prime; fullwidth=\u00a0\u00bbon\u00a0\u00bb _builder_version=\u00a0\u00bb4.18.0&Prime; _module_preset=\u00a0\u00bbdefault\u00a0\u00bb hover_enabled=\u00a0\u00bb0&Prime; global_colors_info=\u00a0\u00bb{}\u00a0\u00bb link_option_url=\u00a0\u00bb@ET-DC@eyJkeW5hbWljIjp0cnVlLCJjb250ZW50IjoicG9zdF9saW5rX3VybF9ybF9nYWxsZXJ5Iiwic2V0dGluZ3MiOnsicG9zdF9pZCI6IiJ9fQ==@\u00a0\u00bb _dynamic_attributes=\u00a0\u00bblink_option_url\u00a0\u00bb sticky_enabled=\u00a0\u00bb0&Prime;][et_pb_fullwidth_code _builder_version=\u00a0\u00bb4.18.0&Prime; _module_preset=\u00a0\u00bbdefault\u00a0\u00bb global_colors_info=\u00a0\u00bb{}\u00a0\u00bb]<div id=\"metaslider-id-2177\" style=\"width: 100%; margin: 0 auto;\" class=\"ml-slider-3-108-0 metaslider metaslider-flex metaslider-2177 ml-slider has-carousel-mode ml-slider-lightbox-2-23-0 responsive-lightbox-gallery-2-5-3 ms-theme-disjoint nav-hidden\" role=\"region\" aria-label=\"les animaux de la chambre d hote de la romanetiere\" data-height=\"700\" data-width=\"700\">\n    <div id=\"metaslider_container_2177\">\n        <div id=\"metaslider_2177\">\n            <ul class='slides'>\n                <li style=\"display: none; width: 100%;\" class=\"slide-2281 ms-image\" aria-roledescription=\"slide\" data-date=\"2024-01-29 08:23:35\" data-filename=\"Animaux-Chambre-d-hote-de-charme-Isere-Vercors_01-1-589x589.jpg\" data-slide-type=\"image\"><a href=\"https:\/\/laromanetiere.com\/wp-content\/uploads\/2024\/01\/Animaux-Chambre-d-hote-de-charme-Isere-Vercors_01-1.jpg\" data-src=\"https:\/\/laromanetiere.com\/wp-content\/uploads\/2024\/01\/Animaux-Chambre-d-hote-de-charme-Isere-Vercors_01-1.jpg\" data-thumb=\"https:\/\/laromanetiere.com\/wp-content\/uploads\/2024\/01\/Animaux-Chambre-d-hote-de-charme-Isere-Vercors_01-1-589x589.jpg\" class=\"ml-lightbox-enabled\"><img loading=\"lazy\" decoding=\"async\" src=\"https:\/\/laromanetiere.com\/wp-content\/uploads\/2024\/01\/Animaux-Chambre-d-hote-de-charme-Isere-Vercors_01-1-589x589.jpg\" height=\"700\" width=\"700\" alt=\"\" class=\"slider-2177 slide-2281 msDefaultImage\" title=\"\" \/><\/a><\/li>\n                <li style=\"display: none; width: 100%;\" class=\"slide-2282 ms-image\" aria-roledescription=\"slide\" data-date=\"2024-01-29 08:23:35\" data-filename=\"Animaux-Chambre-d-hote-de-charme-Isere-Vercors_02-700x700.jpg\" data-slide-type=\"image\"><a href=\"https:\/\/laromanetiere.com\/wp-content\/uploads\/2024\/01\/Animaux-Chambre-d-hote-de-charme-Isere-Vercors_02.jpg\" data-src=\"https:\/\/laromanetiere.com\/wp-content\/uploads\/2024\/01\/Animaux-Chambre-d-hote-de-charme-Isere-Vercors_02.jpg\" data-thumb=\"https:\/\/laromanetiere.com\/wp-content\/uploads\/2024\/01\/Animaux-Chambre-d-hote-de-charme-Isere-Vercors_02-700x700.jpg\" class=\"ml-lightbox-enabled\"><img loading=\"lazy\" decoding=\"async\" src=\"https:\/\/laromanetiere.com\/wp-content\/uploads\/2024\/01\/Animaux-Chambre-d-hote-de-charme-Isere-Vercors_02-700x700.jpg\" height=\"700\" width=\"700\" alt=\"\" class=\"slider-2177 slide-2282 msDefaultImage\" title=\"\" \/><\/a><\/li>\n                <li style=\"display: none; width: 100%;\" class=\"slide-2283 ms-image\" aria-roledescription=\"slide\" data-date=\"2024-01-29 08:23:35\" data-filename=\"Animaux-Chambre-d-hote-de-charme-Isere-Vercors_03-424x424.jpg\" data-slide-type=\"image\"><a href=\"https:\/\/laromanetiere.com\/wp-content\/uploads\/2024\/01\/Animaux-Chambre-d-hote-de-charme-Isere-Vercors_03.jpg\" data-src=\"https:\/\/laromanetiere.com\/wp-content\/uploads\/2024\/01\/Animaux-Chambre-d-hote-de-charme-Isere-Vercors_03.jpg\" data-thumb=\"https:\/\/laromanetiere.com\/wp-content\/uploads\/2024\/01\/Animaux-Chambre-d-hote-de-charme-Isere-Vercors_03-424x424.jpg\" class=\"ml-lightbox-enabled\"><img loading=\"lazy\" decoding=\"async\" src=\"https:\/\/laromanetiere.com\/wp-content\/uploads\/2024\/01\/Animaux-Chambre-d-hote-de-charme-Isere-Vercors_03-424x424.jpg\" height=\"700\" width=\"700\" alt=\"\" class=\"slider-2177 slide-2283 msDefaultImage\" title=\"\" \/><\/a><\/li>\n                <li style=\"display: none; width: 100%;\" class=\"slide-2285 ms-image\" aria-roledescription=\"slide\" data-date=\"2024-01-29 08:23:36\" data-filename=\"Animaux-Chambre-d-hote-de-charme-Isere-Vercors_05-504x504.jpg\" data-slide-type=\"image\"><a href=\"https:\/\/laromanetiere.com\/wp-content\/uploads\/2024\/01\/Animaux-Chambre-d-hote-de-charme-Isere-Vercors_05.jpg\" data-src=\"https:\/\/laromanetiere.com\/wp-content\/uploads\/2024\/01\/Animaux-Chambre-d-hote-de-charme-Isere-Vercors_05.jpg\" data-thumb=\"https:\/\/laromanetiere.com\/wp-content\/uploads\/2024\/01\/Animaux-Chambre-d-hote-de-charme-Isere-Vercors_05-504x504.jpg\" class=\"ml-lightbox-enabled\"><img loading=\"lazy\" decoding=\"async\" src=\"https:\/\/laromanetiere.com\/wp-content\/uploads\/2024\/01\/Animaux-Chambre-d-hote-de-charme-Isere-Vercors_05-504x504.jpg\" height=\"700\" width=\"700\" alt=\"\" class=\"slider-2177 slide-2285 msDefaultImage\" title=\"\" \/><\/a><\/li>\n                <li style=\"display: none; width: 100%;\" class=\"slide-2286 ms-image\" aria-roledescription=\"slide\" data-date=\"2024-01-29 08:23:36\" data-filename=\"Animaux-Chambre-d-hote-de-charme-Isere-Vercors_06-636x636.jpg\" data-slide-type=\"image\"><a href=\"https:\/\/laromanetiere.com\/wp-content\/uploads\/2024\/01\/Animaux-Chambre-d-hote-de-charme-Isere-Vercors_06.jpg\" data-src=\"https:\/\/laromanetiere.com\/wp-content\/uploads\/2024\/01\/Animaux-Chambre-d-hote-de-charme-Isere-Vercors_06.jpg\" data-thumb=\"https:\/\/laromanetiere.com\/wp-content\/uploads\/2024\/01\/Animaux-Chambre-d-hote-de-charme-Isere-Vercors_06-636x636.jpg\" class=\"ml-lightbox-enabled\"><img loading=\"lazy\" decoding=\"async\" src=\"https:\/\/laromanetiere.com\/wp-content\/uploads\/2024\/01\/Animaux-Chambre-d-hote-de-charme-Isere-Vercors_06-636x636.jpg\" height=\"700\" width=\"700\" alt=\"\" class=\"slider-2177 slide-2286 msDefaultImage\" title=\"\" \/><\/a><\/li>\n                <li style=\"display: none; width: 100%;\" class=\"slide-2287 ms-image\" aria-roledescription=\"slide\" data-date=\"2024-01-29 08:23:36\" data-filename=\"Animaux-Chambre-d-hote-de-charme-Isere-Vercors_07-700x700.jpg\" data-slide-type=\"image\"><a href=\"https:\/\/laromanetiere.com\/wp-content\/uploads\/2024\/01\/Animaux-Chambre-d-hote-de-charme-Isere-Vercors_07.jpg\" data-src=\"https:\/\/laromanetiere.com\/wp-content\/uploads\/2024\/01\/Animaux-Chambre-d-hote-de-charme-Isere-Vercors_07.jpg\" data-thumb=\"https:\/\/laromanetiere.com\/wp-content\/uploads\/2024\/01\/Animaux-Chambre-d-hote-de-charme-Isere-Vercors_07-700x700.jpg\" class=\"ml-lightbox-enabled\"><img loading=\"lazy\" decoding=\"async\" src=\"https:\/\/laromanetiere.com\/wp-content\/uploads\/2024\/01\/Animaux-Chambre-d-hote-de-charme-Isere-Vercors_07-700x700.jpg\" height=\"700\" width=\"700\" alt=\"\" class=\"slider-2177 slide-2287 msDefaultImage\" title=\"\" \/><\/a><\/li>\n                <li style=\"display: none; width: 100%;\" class=\"slide-2288 ms-image\" aria-roledescription=\"slide\" data-date=\"2024-01-29 08:23:37\" data-filename=\"Animaux-Chambre-d-hote-de-charme-Isere-Vercors_08-700x700.jpg\" data-slide-type=\"image\"><a href=\"https:\/\/laromanetiere.com\/wp-content\/uploads\/2024\/01\/Animaux-Chambre-d-hote-de-charme-Isere-Vercors_08.jpg\" data-src=\"https:\/\/laromanetiere.com\/wp-content\/uploads\/2024\/01\/Animaux-Chambre-d-hote-de-charme-Isere-Vercors_08.jpg\" data-thumb=\"https:\/\/laromanetiere.com\/wp-content\/uploads\/2024\/01\/Animaux-Chambre-d-hote-de-charme-Isere-Vercors_08-700x700.jpg\" class=\"ml-lightbox-enabled\"><img loading=\"lazy\" decoding=\"async\" src=\"https:\/\/laromanetiere.com\/wp-content\/uploads\/2024\/01\/Animaux-Chambre-d-hote-de-charme-Isere-Vercors_08-700x700.jpg\" height=\"700\" width=\"700\" alt=\"\" class=\"slider-2177 slide-2288 msDefaultImage\" title=\"\" \/><\/a><\/li>\n                <li style=\"display: none; width: 100%;\" class=\"slide-2289 ms-image\" aria-roledescription=\"slide\" data-date=\"2024-01-29 08:23:37\" data-filename=\"Animaux-Chambre-d-hote-de-charme-Isere-Vercors_09-700x700.jpg\" data-slide-type=\"image\"><a href=\"https:\/\/laromanetiere.com\/wp-content\/uploads\/2024\/01\/Animaux-Chambre-d-hote-de-charme-Isere-Vercors_09.jpg\" data-src=\"https:\/\/laromanetiere.com\/wp-content\/uploads\/2024\/01\/Animaux-Chambre-d-hote-de-charme-Isere-Vercors_09.jpg\" data-thumb=\"https:\/\/laromanetiere.com\/wp-content\/uploads\/2024\/01\/Animaux-Chambre-d-hote-de-charme-Isere-Vercors_09-700x700.jpg\" class=\"ml-lightbox-enabled\"><img loading=\"lazy\" decoding=\"async\" src=\"https:\/\/laromanetiere.com\/wp-content\/uploads\/2024\/01\/Animaux-Chambre-d-hote-de-charme-Isere-Vercors_09-700x700.jpg\" height=\"700\" width=\"700\" alt=\"\" class=\"slider-2177 slide-2289 msDefaultImage\" title=\"\" \/><\/a><\/li>\n                <li style=\"display: none; width: 100%;\" class=\"slide-2290 ms-image\" aria-roledescription=\"slide\" data-date=\"2024-01-29 08:23:37\" data-filename=\"Animaux-Chambre-d-hote-de-charme-Isere-Vercors_10-700x700.jpg\" data-slide-type=\"image\"><a href=\"https:\/\/laromanetiere.com\/wp-content\/uploads\/2024\/01\/Animaux-Chambre-d-hote-de-charme-Isere-Vercors_10.jpg\" data-src=\"https:\/\/laromanetiere.com\/wp-content\/uploads\/2024\/01\/Animaux-Chambre-d-hote-de-charme-Isere-Vercors_10.jpg\" data-thumb=\"https:\/\/laromanetiere.com\/wp-content\/uploads\/2024\/01\/Animaux-Chambre-d-hote-de-charme-Isere-Vercors_10-700x700.jpg\" class=\"ml-lightbox-enabled\"><img loading=\"lazy\" decoding=\"async\" src=\"https:\/\/laromanetiere.com\/wp-content\/uploads\/2024\/01\/Animaux-Chambre-d-hote-de-charme-Isere-Vercors_10-700x700.jpg\" height=\"700\" width=\"700\" alt=\"\" class=\"slider-2177 slide-2290 msDefaultImage\" title=\"\" \/><\/a><\/li>\n                <li style=\"display: none; width: 100%;\" class=\"slide-2291 ms-image\" aria-roledescription=\"slide\" data-date=\"2024-01-29 08:23:37\" data-filename=\"Animaux-Chambre-d-hote-de-charme-Isere-Vercors_11-608x608.jpg\" data-slide-type=\"image\"><a href=\"https:\/\/laromanetiere.com\/wp-content\/uploads\/2024\/01\/Animaux-Chambre-d-hote-de-charme-Isere-Vercors_11.jpg\" data-src=\"https:\/\/laromanetiere.com\/wp-content\/uploads\/2024\/01\/Animaux-Chambre-d-hote-de-charme-Isere-Vercors_11.jpg\" data-thumb=\"https:\/\/laromanetiere.com\/wp-content\/uploads\/2024\/01\/Animaux-Chambre-d-hote-de-charme-Isere-Vercors_11-608x608.jpg\" class=\"ml-lightbox-enabled\"><img loading=\"lazy\" decoding=\"async\" src=\"https:\/\/laromanetiere.com\/wp-content\/uploads\/2024\/01\/Animaux-Chambre-d-hote-de-charme-Isere-Vercors_11-608x608.jpg\" height=\"700\" width=\"700\" alt=\"\" class=\"slider-2177 slide-2291 msDefaultImage\" title=\"\" \/><\/a><\/li>\n                <li style=\"display: none; width: 100%;\" class=\"slide-2292 ms-image\" aria-roledescription=\"slide\" data-date=\"2024-01-29 08:23:38\" data-filename=\"Animaux-Chambre-d-hote-de-charme-Isere-Vercors_12-700x700.jpg\" data-slide-type=\"image\"><a href=\"https:\/\/laromanetiere.com\/wp-content\/uploads\/2024\/01\/Animaux-Chambre-d-hote-de-charme-Isere-Vercors_12.jpg\" data-src=\"https:\/\/laromanetiere.com\/wp-content\/uploads\/2024\/01\/Animaux-Chambre-d-hote-de-charme-Isere-Vercors_12.jpg\" data-thumb=\"https:\/\/laromanetiere.com\/wp-content\/uploads\/2024\/01\/Animaux-Chambre-d-hote-de-charme-Isere-Vercors_12-700x700.jpg\" class=\"ml-lightbox-enabled\"><img loading=\"lazy\" decoding=\"async\" src=\"https:\/\/laromanetiere.com\/wp-content\/uploads\/2024\/01\/Animaux-Chambre-d-hote-de-charme-Isere-Vercors_12-700x700.jpg\" height=\"700\" width=\"700\" alt=\"\" class=\"slider-2177 slide-2292 msDefaultImage\" title=\"\" \/><\/a><\/li>\n                <li style=\"display: none; width: 100%;\" class=\"slide-2293 ms-image\" aria-roledescription=\"slide\" data-date=\"2024-01-29 08:23:38\" data-filename=\"Animaux-Chambre-d-hote-de-charme-Isere-Vercors_13-700x700.jpg\" data-slide-type=\"image\"><a href=\"https:\/\/laromanetiere.com\/wp-content\/uploads\/2024\/01\/Animaux-Chambre-d-hote-de-charme-Isere-Vercors_13.jpg\" data-src=\"https:\/\/laromanetiere.com\/wp-content\/uploads\/2024\/01\/Animaux-Chambre-d-hote-de-charme-Isere-Vercors_13.jpg\" data-thumb=\"https:\/\/laromanetiere.com\/wp-content\/uploads\/2024\/01\/Animaux-Chambre-d-hote-de-charme-Isere-Vercors_13-700x700.jpg\" class=\"ml-lightbox-enabled\"><img loading=\"lazy\" decoding=\"async\" src=\"https:\/\/laromanetiere.com\/wp-content\/uploads\/2024\/01\/Animaux-Chambre-d-hote-de-charme-Isere-Vercors_13-700x700.jpg\" height=\"700\" width=\"700\" alt=\"\" class=\"slider-2177 slide-2293 msDefaultImage\" title=\"\" \/><\/a><\/li>\n                <li style=\"display: none; width: 100%;\" class=\"slide-2294 ms-image\" aria-roledescription=\"slide\" data-date=\"2024-01-29 08:23:38\" data-filename=\"Animaux-Chambre-d-hote-de-charme-Isere-Vercors_14-700x700.jpg\" data-slide-type=\"image\"><a href=\"https:\/\/laromanetiere.com\/wp-content\/uploads\/2024\/01\/Animaux-Chambre-d-hote-de-charme-Isere-Vercors_14.jpg\" data-src=\"https:\/\/laromanetiere.com\/wp-content\/uploads\/2024\/01\/Animaux-Chambre-d-hote-de-charme-Isere-Vercors_14.jpg\" data-thumb=\"https:\/\/laromanetiere.com\/wp-content\/uploads\/2024\/01\/Animaux-Chambre-d-hote-de-charme-Isere-Vercors_14-700x700.jpg\" class=\"ml-lightbox-enabled\"><img loading=\"lazy\" decoding=\"async\" src=\"https:\/\/laromanetiere.com\/wp-content\/uploads\/2024\/01\/Animaux-Chambre-d-hote-de-charme-Isere-Vercors_14-700x700.jpg\" height=\"700\" width=\"700\" alt=\"\" class=\"slider-2177 slide-2294 msDefaultImage\" title=\"\" \/><\/a><\/li>\n                <li style=\"display: none; width: 100%;\" class=\"slide-2295 ms-image\" aria-roledescription=\"slide\" data-date=\"2024-01-29 08:23:38\" data-filename=\"Animaux-Chambre-d-hote-de-charme-Isere-Vercors_15-700x700.jpg\" data-slide-type=\"image\"><a href=\"https:\/\/laromanetiere.com\/wp-content\/uploads\/2024\/01\/Animaux-Chambre-d-hote-de-charme-Isere-Vercors_15.jpg\" data-src=\"https:\/\/laromanetiere.com\/wp-content\/uploads\/2024\/01\/Animaux-Chambre-d-hote-de-charme-Isere-Vercors_15.jpg\" data-thumb=\"https:\/\/laromanetiere.com\/wp-content\/uploads\/2024\/01\/Animaux-Chambre-d-hote-de-charme-Isere-Vercors_15-700x700.jpg\" class=\"ml-lightbox-enabled\"><img loading=\"lazy\" decoding=\"async\" src=\"https:\/\/laromanetiere.com\/wp-content\/uploads\/2024\/01\/Animaux-Chambre-d-hote-de-charme-Isere-Vercors_15-700x700.jpg\" height=\"700\" width=\"700\" alt=\"\" class=\"slider-2177 slide-2295 msDefaultImage\" title=\"\" \/><\/a><\/li>\n                <li style=\"display: none; width: 100%;\" class=\"slide-2296 ms-image\" aria-roledescription=\"slide\" data-date=\"2024-01-29 08:23:39\" data-filename=\"Animaux-Chambre-d-hote-de-charme-Isere-Vercors_16-700x700.jpg\" data-slide-type=\"image\"><a href=\"https:\/\/laromanetiere.com\/wp-content\/uploads\/2024\/01\/Animaux-Chambre-d-hote-de-charme-Isere-Vercors_16.jpg\" data-src=\"https:\/\/laromanetiere.com\/wp-content\/uploads\/2024\/01\/Animaux-Chambre-d-hote-de-charme-Isere-Vercors_16.jpg\" data-thumb=\"https:\/\/laromanetiere.com\/wp-content\/uploads\/2024\/01\/Animaux-Chambre-d-hote-de-charme-Isere-Vercors_16-700x700.jpg\" class=\"ml-lightbox-enabled\"><img loading=\"lazy\" decoding=\"async\" src=\"https:\/\/laromanetiere.com\/wp-content\/uploads\/2024\/01\/Animaux-Chambre-d-hote-de-charme-Isere-Vercors_16-700x700.jpg\" height=\"700\" width=\"700\" alt=\"\" class=\"slider-2177 slide-2296 msDefaultImage\" title=\"\" \/><\/a><\/li>\n                <li style=\"display: none; width: 100%;\" class=\"slide-2297 ms-image\" aria-roledescription=\"slide\" data-date=\"2024-01-29 08:23:39\" data-filename=\"Animaux-Chambre-d-hote-de-charme-Isere-Vercors_17-1-700x700.jpg\" data-slide-type=\"image\"><a href=\"https:\/\/laromanetiere.com\/wp-content\/uploads\/2024\/01\/Animaux-Chambre-d-hote-de-charme-Isere-Vercors_17-1.jpg\" data-src=\"https:\/\/laromanetiere.com\/wp-content\/uploads\/2024\/01\/Animaux-Chambre-d-hote-de-charme-Isere-Vercors_17-1.jpg\" data-thumb=\"https:\/\/laromanetiere.com\/wp-content\/uploads\/2024\/01\/Animaux-Chambre-d-hote-de-charme-Isere-Vercors_17-1-700x700.jpg\" class=\"ml-lightbox-enabled\"><img loading=\"lazy\" decoding=\"async\" src=\"https:\/\/laromanetiere.com\/wp-content\/uploads\/2024\/01\/Animaux-Chambre-d-hote-de-charme-Isere-Vercors_17-1-700x700.jpg\" height=\"700\" width=\"700\" alt=\"\" class=\"slider-2177 slide-2297 msDefaultImage\" title=\"\" \/><\/a><\/li>\n                <li style=\"display: none; width: 100%;\" class=\"slide-2298 ms-image\" aria-roledescription=\"slide\" data-date=\"2024-01-29 08:23:39\" data-filename=\"Animaux-Chambre-d-hote-de-charme-Isere-Vercors_18-700x700.jpg\" data-slide-type=\"image\"><a href=\"https:\/\/laromanetiere.com\/wp-content\/uploads\/2024\/01\/Animaux-Chambre-d-hote-de-charme-Isere-Vercors_18.jpg\" data-src=\"https:\/\/laromanetiere.com\/wp-content\/uploads\/2024\/01\/Animaux-Chambre-d-hote-de-charme-Isere-Vercors_18.jpg\" data-thumb=\"https:\/\/laromanetiere.com\/wp-content\/uploads\/2024\/01\/Animaux-Chambre-d-hote-de-charme-Isere-Vercors_18-700x700.jpg\" class=\"ml-lightbox-enabled\"><img loading=\"lazy\" decoding=\"async\" src=\"https:\/\/laromanetiere.com\/wp-content\/uploads\/2024\/01\/Animaux-Chambre-d-hote-de-charme-Isere-Vercors_18-700x700.jpg\" height=\"700\" width=\"700\" alt=\"\" class=\"slider-2177 slide-2298 msDefaultImage\" title=\"\" \/><\/a><\/li>\n                <li style=\"display: none; width: 100%;\" class=\"slide-2300 ms-image\" aria-roledescription=\"slide\" data-date=\"2024-01-29 08:23:40\" data-filename=\"Animaux-Chambre-d-hote-de-charme-Isere-Vercors_20-700x700.jpg\" data-slide-type=\"image\"><a href=\"https:\/\/laromanetiere.com\/wp-content\/uploads\/2024\/01\/Animaux-Chambre-d-hote-de-charme-Isere-Vercors_20.jpg\" data-src=\"https:\/\/laromanetiere.com\/wp-content\/uploads\/2024\/01\/Animaux-Chambre-d-hote-de-charme-Isere-Vercors_20.jpg\" data-thumb=\"https:\/\/laromanetiere.com\/wp-content\/uploads\/2024\/01\/Animaux-Chambre-d-hote-de-charme-Isere-Vercors_20-700x700.jpg\" class=\"ml-lightbox-enabled\"><img loading=\"lazy\" decoding=\"async\" src=\"https:\/\/laromanetiere.com\/wp-content\/uploads\/2024\/01\/Animaux-Chambre-d-hote-de-charme-Isere-Vercors_20-700x700.jpg\" height=\"700\" width=\"700\" alt=\"\" class=\"slider-2177 slide-2300 msDefaultImage\" title=\"\" \/><\/a><\/li>\n                <li style=\"display: none; width: 100%;\" class=\"slide-2302 ms-image\" aria-roledescription=\"slide\" data-date=\"2024-01-29 08:23:40\" data-filename=\"Les-Tortues-de-la-Maison-d-hote-La-Romanetiere-1-642x642.jpg\" data-slide-type=\"image\"><a href=\"https:\/\/laromanetiere.com\/wp-content\/uploads\/2024\/01\/Les-Tortues-de-la-Maison-d-hote-La-Romanetiere-1.jpg\" data-src=\"https:\/\/laromanetiere.com\/wp-content\/uploads\/2024\/01\/Les-Tortues-de-la-Maison-d-hote-La-Romanetiere-1.jpg\" data-thumb=\"https:\/\/laromanetiere.com\/wp-content\/uploads\/2024\/01\/Les-Tortues-de-la-Maison-d-hote-La-Romanetiere-1-642x642.jpg\" class=\"ml-lightbox-enabled\"><img loading=\"lazy\" decoding=\"async\" src=\"https:\/\/laromanetiere.com\/wp-content\/uploads\/2024\/01\/Les-Tortues-de-la-Maison-d-hote-La-Romanetiere-1-642x642.jpg\" height=\"700\" width=\"700\" alt=\"\" class=\"slider-2177 slide-2302 msDefaultImage\" title=\"\" \/><\/a><\/li>\n            <\/ul>\n        <\/div>\n        \n    <\/div>\n<\/div>[\/et_pb_fullwidth_code][\/et_pb_section]","protected":false},"excerpt":{"rendered":"<p>Les autres h\u00f4tes de la maison !A La Romaneti\u00e8re vous pouvez aussi avoir le privil\u00e8ge de voir nos amis \u00e0 4 ou 2 pattes &#8230;.Le coq Casanova n\u00e9 \u00e0 la maison et ses poules pour les oeufs frais du petit d\u00e9jeuner, chats Guss au \u00e9curie pour chasser les souris et Loostic squateur de canap\u00e9 , [&hellip;]<\/p>","protected":false},"author":1,"featured_media":0,"parent":0,"menu_order":0,"comment_status":"closed","ping_status":"closed","template":"","meta":{"_et_pb_use_builder":"on","_et_pb_old_content":"","_et_gb_content_width":"","footnotes":""},"class_list":["post-2303","page","type-page","status-publish","hentry"],"aioseo_notices":[],"_links":{"self":[{"href":"https:\/\/laromanetiere.com\/en\/wp-json\/wp\/v2\/pages\/2303","targetHints":{"allow":["GET"]}}],"collection":[{"href":"https:\/\/laromanetiere.com\/en\/wp-json\/wp\/v2\/pages"}],"about":[{"href":"https:\/\/laromanetiere.com\/en\/wp-json\/wp\/v2\/types\/page"}],"author":[{"embeddable":true,"href":"https:\/\/laromanetiere.com\/en\/wp-json\/wp\/v2\/users\/1"}],"replies":[{"embeddable":true,"href":"https:\/\/laromanetiere.com\/en\/wp-json\/wp\/v2\/comments?post=2303"}],"version-history":[{"count":6,"href":"https:\/\/laromanetiere.com\/en\/wp-json\/wp\/v2\/pages\/2303\/revisions"}],"predecessor-version":[{"id":2608,"href":"https:\/\/laromanetiere.com\/en\/wp-json\/wp\/v2\/pages\/2303\/revisions\/2608"}],"wp:attachment":[{"href":"https:\/\/laromanetiere.com\/en\/wp-json\/wp\/v2\/media?parent=2303"}],"curies":[{"name":"wp","href":"https:\/\/api.w.org\/{rel}","templated":true}]}}