{"id":1017,"date":"2020-10-07T10:07:52","date_gmt":"2020-10-07T08:07:52","guid":{"rendered":"https:\/\/laromanetiere.com\/?page_id=1017"},"modified":"2024-02-03T08:20:52","modified_gmt":"2024-02-03T06:20:52","slug":"solstis-arabians-elevage-de-chevaux-de-course-et-de-sport","status":"publish","type":"page","link":"https:\/\/laromanetiere.com\/en\/solstis-arabians-elevage-de-chevaux-de-course-et-de-sport","title":{"rendered":"Solstis Arabians"},"content":{"rendered":"[et_pb_section fb_built=\u00a0\u00bb1&Prime; admin_label=\u00a0\u00bbDriving Directions\u00a0\u00bb _builder_version=\u00a0\u00bb4.16&Prime; custom_margin=\u00a0\u00bb||-144px|||\u00a0\u00bb custom_padding=\u00a0\u00bb||27px|||\u00a0\u00bb global_colors_info=\u00a0\u00bb{}\u00a0\u00bb][et_pb_row _builder_version=\u00a0\u00bb4.16&Prime; global_colors_info=\u00a0\u00bb{}\u00a0\u00bb][et_pb_column type=\u00a0\u00bb4_4&Prime; _builder_version=\u00a0\u00bb4.16&Prime; custom_padding=\u00a0\u00bb|||\u00a0\u00bb global_colors_info=\u00a0\u00bb{}\u00a0\u00bb custom_padding__hover=\u00a0\u00bb|||\u00a0\u00bb][et_pb_text _builder_version=\u00a0\u00bb4.16&Prime; text_font=\u00a0\u00bb||||||||\u00a0\u00bb text_font_size=\u00a0\u00bb16px\u00a0\u00bb text_line_height=\u00a0\u00bb2em\u00a0\u00bb header_font=\u00a0\u00bb||||||||\u00a0\u00bb header_2_font=\u00a0\u00bbRaleway|700|||||||\u00a0\u00bb header_2_font_size=\u00a0\u00bb50px\u00a0\u00bb header_2_line_height=\u00a0\u00bb1.4em\u00a0\u00bb header_6_font=\u00a0\u00bbRaleway|700||on|||||\u00a0\u00bb header_6_font_size=\u00a0\u00bb16px\u00a0\u00bb header_6_letter_spacing=\u00a0\u00bb5px\u00a0\u00bb header_6_line_height=\u00a0\u00bb1.8em\u00a0\u00bb max_width=\u00a0\u00bb1321px\u00a0\u00bb module_alignment=\u00a0\u00bbcenter\u00a0\u00bb custom_margin=\u00a0\u00bb|||354px||\u00a0\u00bb header_2_font_size_tablet=\u00a0\u00bb35px\u00a0\u00bb header_2_font_size_phone=\u00a0\u00bb25px\u00a0\u00bb header_2_font_size_last_edited=\u00a0\u00bbon|phone\u00a0\u00bb global_colors_info=\u00a0\u00bb{}\u00a0\u00bb]<h6><span style=\"color: #00a9c4;\">SOLSTIS ARABIANS<br \/> <\/span><\/h6>[\/et_pb_text][\/et_pb_column][\/et_pb_row][\/et_pb_section][et_pb_section fb_built=\u00a0\u00bb1&Prime; _builder_version=\u00a0\u00bb4.18.0&Prime; _module_preset=\u00a0\u00bbdefault\u00a0\u00bb global_colors_info=\u00a0\u00bb{}\u00a0\u00bb][et_pb_row _builder_version=\u00a0\u00bb4.18.0&Prime; _module_preset=\u00a0\u00bbdefault\u00a0\u00bb global_colors_info=\u00a0\u00bb{}\u00a0\u00bb][et_pb_column type=\u00a0\u00bb4_4&Prime; _builder_version=\u00a0\u00bb4.18.0&Prime; _module_preset=\u00a0\u00bbdefault\u00a0\u00bb global_colors_info=\u00a0\u00bb{}\u00a0\u00bb][et_pb_team_member name=\u00a0\u00bbLe cheval Arabe n&rsquo;a qu&rsquo;une sp\u00e9cialit\u00e9, celle de les avoir toutes%22 &#8211; Eug\u00e9ne Gayot.\u00a0\u00bb image_url=\u00a0\u00bbhttps:\/\/laromanetiere.com\/wp-content\/uploads\/2024\/01\/Elevage-de-chevaux-Solstis-Arabians-isere-France-_12-1-scaled.jpg\u00a0\u00bb facebook_url=\u00a0\u00bbhttps:\/\/www.facebook.com\/AnneDesmiers\u00a0\u00bb _builder_version=\u00a0\u00bb4.18.0&Prime; _module_preset=\u00a0\u00bbdefault\u00a0\u00bb global_colors_info=\u00a0\u00bb{}\u00a0\u00bb]<p><span>Solstis Arabians est un petit \u00e9leveur dans le monde du pur sang cheval arabe. Nous sommes passionn\u00e9s par l&rsquo;\u00e9levage de ces chevaux pour leur beaut\u00e9 et leur \u00e9l\u00e9gance. Nous admirons le caract\u00e8re unique de cette race mill\u00e9naire. Apr\u00e8s plus de 10 ans sur les terrains de Show, nous avons recentr\u00e9 notre \u00e9levage pour nous orienter sur la course. A la romaneti\u00e8re vous aurez l&rsquo;occasion de pouvoir vivre quelques jours aupr\u00e8s de nos chevaux .<\/span><\/p>[\/et_pb_team_member][\/et_pb_column][\/et_pb_row][\/et_pb_section][et_pb_section fb_built=\u00a0\u00bb1&Prime; fullwidth=\u00a0\u00bbon\u00a0\u00bb _builder_version=\u00a0\u00bb4.18.0&Prime; _module_preset=\u00a0\u00bbdefault\u00a0\u00bb global_colors_info=\u00a0\u00bb{}\u00a0\u00bb][et_pb_fullwidth_code _builder_version=\u00a0\u00bb4.18.0&Prime; _module_preset=\u00a0\u00bbdefault\u00a0\u00bb hover_enabled=\u00a0\u00bb0&Prime; global_colors_info=\u00a0\u00bb{}\u00a0\u00bb sticky_enabled=\u00a0\u00bb0&Prime;]<div id=\"metaslider-id-2158\" style=\"width: 100%; margin: 0 auto;\" class=\"ml-slider-3-107-0 metaslider metaslider-flex metaslider-2158 ml-slider has-carousel-mode ml-slider-lightbox-2-22-0 lightbox-disabled ms-theme-disjoint nav-hidden\" role=\"region\" aria-label=\"Solstis Arabians Elevage\" data-height=\"500\" data-width=\"700\">\n    <div id=\"metaslider_container_2158\">\n        <div id=\"metaslider_2158\">\n            <ul class='slides'>\n                <li style=\"display: none; width: 100%;\" class=\"slide-2237 ms-image\" aria-roledescription=\"slide\" data-date=\"2024-01-27 08:54:48\" data-filename=\"Elevage-de-chevaux-Solstis-Arabians-isere-France-_08-1-700x500.jpg\" data-slide-type=\"image\"><img loading=\"lazy\" decoding=\"async\" src=\"https:\/\/laromanetiere.com\/wp-content\/uploads\/2024\/01\/Elevage-de-chevaux-Solstis-Arabians-isere-France-_08-1-700x500.jpg\" height=\"500\" width=\"700\" alt=\"\" class=\"slider-2158 slide-2237 msDefaultImage\" title=\"Elevage de chevaux Solstis Arabians is\u00e8re France _08\" \/><\/li>\n                <li style=\"display: none; width: 100%;\" class=\"slide-2238 ms-image\" aria-roledescription=\"slide\" data-date=\"2024-01-27 08:54:48\" data-filename=\"Elevage-de-chevaux-Solstis-Arabians-isere-France-_05-1-700x500.jpg\" data-slide-type=\"image\"><img loading=\"lazy\" decoding=\"async\" src=\"https:\/\/laromanetiere.com\/wp-content\/uploads\/2024\/01\/Elevage-de-chevaux-Solstis-Arabians-isere-France-_05-1-700x500.jpg\" height=\"500\" width=\"700\" alt=\"\" class=\"slider-2158 slide-2238 msDefaultImage\" title=\"Elevage de chevaux Solstis Arabians is\u00e8re France _05\" \/><\/li>\n                <li style=\"display: none; width: 100%;\" class=\"slide-2220 ms-image\" aria-roledescription=\"slide\" data-date=\"2024-01-27 08:54:44\" data-filename=\"Elevage-de-chevaux-Solstis-Arabians-isere-France-_27-1-513x366.jpg\" data-slide-type=\"image\"><img loading=\"lazy\" decoding=\"async\" src=\"https:\/\/laromanetiere.com\/wp-content\/uploads\/2024\/01\/Elevage-de-chevaux-Solstis-Arabians-isere-France-_27-1-513x366.jpg\" height=\"500\" width=\"700\" alt=\"\" class=\"slider-2158 slide-2220 msDefaultImage\" title=\"WHAT ELSE SA\" \/><\/li>\n                <li style=\"display: none; width: 100%;\" class=\"slide-2221 ms-image\" aria-roledescription=\"slide\" data-date=\"2024-01-27 08:54:44\" data-filename=\"Elevage-de-chevaux-Solstis-Arabians-isere-France-_26-1-scaled-700x500.jpg\" data-slide-type=\"image\"><img loading=\"lazy\" decoding=\"async\" src=\"https:\/\/laromanetiere.com\/wp-content\/uploads\/2024\/01\/Elevage-de-chevaux-Solstis-Arabians-isere-France-_26-1-scaled-700x500.jpg\" height=\"500\" width=\"700\" alt=\"\" class=\"slider-2158 slide-2221 msDefaultImage\" title=\"Elevage de chevaux Solstis Arabians is\u00e8re France _26\" \/><\/li>\n                <li style=\"display: none; width: 100%;\" class=\"slide-2222 ms-image\" aria-roledescription=\"slide\" data-date=\"2024-01-27 08:54:45\" data-filename=\"Elevage-de-chevaux-Solstis-Arabians-isere-France-_25-1-700x500.jpg\" data-slide-type=\"image\"><img loading=\"lazy\" decoding=\"async\" src=\"https:\/\/laromanetiere.com\/wp-content\/uploads\/2024\/01\/Elevage-de-chevaux-Solstis-Arabians-isere-France-_25-1-700x500.jpg\" height=\"500\" width=\"700\" alt=\"\" class=\"slider-2158 slide-2222 msDefaultImage\" title=\"Elevage de chevaux Solstis Arabians is\u00e8re France _25\" \/><\/li>\n                <li style=\"display: none; width: 100%;\" class=\"slide-2223 ms-image\" aria-roledescription=\"slide\" data-date=\"2024-01-27 08:54:45\" data-filename=\"Elevage-de-chevaux-Solstis-Arabians-isere-France-_24-1-700x500.jpg\" data-slide-type=\"image\"><img loading=\"lazy\" decoding=\"async\" src=\"https:\/\/laromanetiere.com\/wp-content\/uploads\/2024\/01\/Elevage-de-chevaux-Solstis-Arabians-isere-France-_24-1-700x500.jpg\" height=\"500\" width=\"700\" alt=\"\" class=\"slider-2158 slide-2223 msDefaultImage\" title=\"Elevage de chevaux Solstis Arabians is\u00e8re France _24\" \/><\/li>\n                <li style=\"display: none; width: 100%;\" class=\"slide-2224 ms-image\" aria-roledescription=\"slide\" data-date=\"2024-01-27 08:54:45\" data-filename=\"Elevage-de-chevaux-Solstis-Arabians-isere-France-_23-1-scaled-700x500.jpg\" data-slide-type=\"image\"><img loading=\"lazy\" decoding=\"async\" src=\"https:\/\/laromanetiere.com\/wp-content\/uploads\/2024\/01\/Elevage-de-chevaux-Solstis-Arabians-isere-France-_23-1-scaled-700x500.jpg\" height=\"500\" width=\"700\" alt=\"\" class=\"slider-2158 slide-2224 msDefaultImage\" title=\"Elevage de chevaux Solstis Arabians is\u00e8re France _23\" \/><\/li>\n                <li style=\"display: none; width: 100%;\" class=\"slide-2225 ms-image\" aria-roledescription=\"slide\" data-date=\"2024-01-27 08:54:45\" data-filename=\"Elevage-de-chevaux-Solstis-Arabians-isere-France-_22-1-scaled-700x500.jpg\" data-slide-type=\"image\"><img loading=\"lazy\" decoding=\"async\" src=\"https:\/\/laromanetiere.com\/wp-content\/uploads\/2024\/01\/Elevage-de-chevaux-Solstis-Arabians-isere-France-_22-1-scaled-700x500.jpg\" height=\"500\" width=\"700\" alt=\"\" class=\"slider-2158 slide-2225 msDefaultImage\" title=\"Elevage de chevaux Solstis Arabians is\u00e8re France _22\" \/><\/li>\n                <li style=\"display: none; width: 100%;\" class=\"slide-2226 ms-image\" aria-roledescription=\"slide\" data-date=\"2024-01-27 08:54:45\" data-filename=\"Elevage-de-chevaux-Solstis-Arabians-isere-France-_20-1-700x500.jpg\" data-slide-type=\"image\"><img loading=\"lazy\" decoding=\"async\" src=\"https:\/\/laromanetiere.com\/wp-content\/uploads\/2024\/01\/Elevage-de-chevaux-Solstis-Arabians-isere-France-_20-1-700x500.jpg\" height=\"500\" width=\"700\" alt=\"\" class=\"slider-2158 slide-2226 msDefaultImage\" title=\"WHAT ELSE SA\" \/><\/li>\n                <li style=\"display: none; width: 100%;\" class=\"slide-2227 ms-image\" aria-roledescription=\"slide\" data-date=\"2024-01-27 08:54:46\" data-filename=\"Elevage-de-chevaux-Solstis-Arabians-isere-France-_19-1-447x319.jpg\" data-slide-type=\"image\"><img loading=\"lazy\" decoding=\"async\" src=\"https:\/\/laromanetiere.com\/wp-content\/uploads\/2024\/01\/Elevage-de-chevaux-Solstis-Arabians-isere-France-_19-1-447x319.jpg\" height=\"500\" width=\"700\" alt=\"\" class=\"slider-2158 slide-2227 msDefaultImage\" title=\"Elevage de chevaux Solstis Arabians is\u00e8re France _19\" \/><\/li>\n                <li style=\"display: none; width: 100%;\" class=\"slide-2228 ms-image\" aria-roledescription=\"slide\" data-date=\"2024-01-27 08:54:46\" data-filename=\"Elevage-de-chevaux-Solstis-Arabians-isere-France-_18-1-700x500.jpg\" data-slide-type=\"image\"><img loading=\"lazy\" decoding=\"async\" src=\"https:\/\/laromanetiere.com\/wp-content\/uploads\/2024\/01\/Elevage-de-chevaux-Solstis-Arabians-isere-France-_18-1-700x500.jpg\" height=\"500\" width=\"700\" alt=\"\" class=\"slider-2158 slide-2228 msDefaultImage\" title=\"Elevage de chevaux Solstis Arabians is\u00e8re France _18\" \/><\/li>\n                <li style=\"display: none; width: 100%;\" class=\"slide-2229 ms-image\" aria-roledescription=\"slide\" data-date=\"2024-01-27 08:54:46\" data-filename=\"Elevage-de-chevaux-Solstis-Arabians-isere-France-_17-1-scaled-700x500.jpg\" data-slide-type=\"image\"><img loading=\"lazy\" decoding=\"async\" src=\"https:\/\/laromanetiere.com\/wp-content\/uploads\/2024\/01\/Elevage-de-chevaux-Solstis-Arabians-isere-France-_17-1-scaled-700x500.jpg\" height=\"500\" width=\"700\" alt=\"\" class=\"slider-2158 slide-2229 msDefaultImage\" title=\"Elevage de chevaux Solstis Arabians is\u00e8re France _17\" \/><\/li>\n                <li style=\"display: none; width: 100%;\" class=\"slide-2231 ms-image\" aria-roledescription=\"slide\" data-date=\"2024-01-27 08:54:46\" data-filename=\"Elevage-de-chevaux-Solstis-Arabians-isere-France-_14-1-700x500.jpg\" data-slide-type=\"image\"><img loading=\"lazy\" decoding=\"async\" src=\"https:\/\/laromanetiere.com\/wp-content\/uploads\/2024\/01\/Elevage-de-chevaux-Solstis-Arabians-isere-France-_14-1-700x500.jpg\" height=\"500\" width=\"700\" alt=\"\" class=\"slider-2158 slide-2231 msDefaultImage\" title=\"Elevage de chevaux Solstis Arabians is\u00e8re France _14\" \/><\/li>\n                <li style=\"display: none; width: 100%;\" class=\"slide-2234 ms-image\" aria-roledescription=\"slide\" data-date=\"2024-01-27 08:54:47\" data-filename=\"Elevage-de-chevaux-Solstis-Arabians-isere-France-_11-1-571x407.jpg\" data-slide-type=\"image\"><img loading=\"lazy\" decoding=\"async\" src=\"https:\/\/laromanetiere.com\/wp-content\/uploads\/2024\/01\/Elevage-de-chevaux-Solstis-Arabians-isere-France-_11-1-571x407.jpg\" height=\"500\" width=\"700\" alt=\"\" class=\"slider-2158 slide-2234 msDefaultImage\" title=\"Elevage de chevaux Solstis Arabians is\u00e8re France _11\" \/><\/li>\n                <li style=\"display: none; width: 100%;\" class=\"slide-2232 ms-image\" aria-roledescription=\"slide\" data-date=\"2024-01-27 08:54:46\" data-filename=\"Elevage-de-chevaux-Solstis-Arabians-isere-France-_13-1-700x500.jpg\" data-slide-type=\"image\"><img loading=\"lazy\" decoding=\"async\" src=\"https:\/\/laromanetiere.com\/wp-content\/uploads\/2024\/01\/Elevage-de-chevaux-Solstis-Arabians-isere-France-_13-1-700x500.jpg\" height=\"500\" width=\"700\" alt=\"\" class=\"slider-2158 slide-2232 msDefaultImage\" title=\"Elevage de chevaux Solstis Arabians is\u00e8re France _13\" \/><\/li>\n                <li style=\"display: none; width: 100%;\" class=\"slide-2236 ms-image\" aria-roledescription=\"slide\" data-date=\"2024-01-27 08:54:47\" data-filename=\"Elevage-de-chevaux-Solstis-Arabians-isere-France-_09-1-700x500.jpg\" data-slide-type=\"image\"><img loading=\"lazy\" decoding=\"async\" src=\"https:\/\/laromanetiere.com\/wp-content\/uploads\/2024\/01\/Elevage-de-chevaux-Solstis-Arabians-isere-France-_09-1-700x500.jpg\" height=\"500\" width=\"700\" alt=\"\" class=\"slider-2158 slide-2236 msDefaultImage\" title=\"Elevage de chevaux Solstis Arabians is\u00e8re France _09\" \/><\/li>\n                <li style=\"display: none; width: 100%;\" class=\"slide-2233 ms-image\" aria-roledescription=\"slide\" data-date=\"2024-01-27 08:54:47\" data-filename=\"Elevage-de-chevaux-Solstis-Arabians-isere-France-_12-1-scaled-700x500.jpg\" data-slide-type=\"image\"><img loading=\"lazy\" decoding=\"async\" src=\"https:\/\/laromanetiere.com\/wp-content\/uploads\/2024\/01\/Elevage-de-chevaux-Solstis-Arabians-isere-France-_12-1-scaled-700x500.jpg\" height=\"500\" width=\"700\" alt=\"\" class=\"slider-2158 slide-2233 msDefaultImage\" title=\"Elevage de chevaux Solstis Arabians is\u00e8re France _12\" \/><\/li>\n                <li style=\"display: none; width: 100%;\" class=\"slide-2235 ms-image\" aria-roledescription=\"slide\" data-date=\"2024-01-27 08:54:47\" data-filename=\"Elevage-de-chevaux-Solstis-Arabians-isere-France-_10-1-439x313.jpg\" data-slide-type=\"image\"><img loading=\"lazy\" decoding=\"async\" src=\"https:\/\/laromanetiere.com\/wp-content\/uploads\/2024\/01\/Elevage-de-chevaux-Solstis-Arabians-isere-France-_10-1-439x313.jpg\" height=\"500\" width=\"700\" alt=\"\" class=\"slider-2158 slide-2235 msDefaultImage\" title=\"Elevage de chevaux Solstis Arabians is\u00e8re France _10\" \/><\/li>\n                <li style=\"display: none; width: 100%;\" class=\"slide-2242 ms-image\" aria-roledescription=\"slide\" data-date=\"2024-01-27 08:54:49\" data-filename=\"Elevage-de-chevaux-Solstis-Arabians-isere-France-_01-1-700x500.jpg\" data-slide-type=\"image\"><img loading=\"lazy\" decoding=\"async\" src=\"https:\/\/laromanetiere.com\/wp-content\/uploads\/2024\/01\/Elevage-de-chevaux-Solstis-Arabians-isere-France-_01-1-700x500.jpg\" height=\"500\" width=\"700\" alt=\"\" class=\"slider-2158 slide-2242 msDefaultImage\" title=\"Elevage de chevaux Solstis Arabians is\u00e8re France _01\" \/><\/li>\n            <\/ul>\n        <\/div>\n        \n    <\/div>\n<\/div>[\/et_pb_fullwidth_code][\/et_pb_section]","protected":false},"excerpt":{"rendered":"<p>SOLSTIS ARABIANS Solstis Arabians est un petit \u00e9leveur dans le monde du pur sang cheval arabe. Nous sommes passionn\u00e9s par l&rsquo;\u00e9levage de ces chevaux pour leur beaut\u00e9 et leur \u00e9l\u00e9gance. Nous admirons le caract\u00e8re unique de cette race mill\u00e9naire. Apr\u00e8s plus de 10 ans sur les terrains de Show, nous avons recentr\u00e9 notre \u00e9levage pour [&hellip;]<\/p>","protected":false},"author":1,"featured_media":0,"parent":0,"menu_order":0,"comment_status":"closed","ping_status":"closed","template":"","meta":{"_et_pb_use_builder":"on","_et_pb_old_content":"","_et_gb_content_width":"","footnotes":""},"class_list":["post-1017","page","type-page","status-publish","hentry"],"aioseo_notices":[],"_links":{"self":[{"href":"https:\/\/laromanetiere.com\/en\/wp-json\/wp\/v2\/pages\/1017","targetHints":{"allow":["GET"]}}],"collection":[{"href":"https:\/\/laromanetiere.com\/en\/wp-json\/wp\/v2\/pages"}],"about":[{"href":"https:\/\/laromanetiere.com\/en\/wp-json\/wp\/v2\/types\/page"}],"author":[{"embeddable":true,"href":"https:\/\/laromanetiere.com\/en\/wp-json\/wp\/v2\/users\/1"}],"replies":[{"embeddable":true,"href":"https:\/\/laromanetiere.com\/en\/wp-json\/wp\/v2\/comments?post=1017"}],"version-history":[{"count":15,"href":"https:\/\/laromanetiere.com\/en\/wp-json\/wp\/v2\/pages\/1017\/revisions"}],"predecessor-version":[{"id":2609,"href":"https:\/\/laromanetiere.com\/en\/wp-json\/wp\/v2\/pages\/1017\/revisions\/2609"}],"wp:attachment":[{"href":"https:\/\/laromanetiere.com\/en\/wp-json\/wp\/v2\/media?parent=1017"}],"curies":[{"name":"wp","href":"https:\/\/api.w.org\/{rel}","templated":true}]}}